{"id":242,"date":"2016-10-31T13:18:26","date_gmt":"2016-10-31T13:18:26","guid":{"rendered":"http:\/\/cresal.eagledigital.com.br\/?page_id=242"},"modified":"2017-05-10T18:53:27","modified_gmt":"2017-05-10T18:53:27","slug":"uniodonto","status":"publish","type":"page","link":"http:\/\/www.cresal.coop.br\/novosite\/servicos\/uniodonto\/","title":{"rendered":"Uniodonto"},"content":{"rendered":"<p><span style=\"font-weight: 400;\">Ver nossos s\u00f3cios de bem com a vida e com um sorriso lindo tamb\u00e9m s\u00e3o prioridades para n\u00f3s. A Cresal, em parceria com a Uniodonto, oferece o Plano Odonto Master a todos os seus associados.<\/span><\/p>\n<p>&nbsp;<\/p>\n","protected":false},"excerpt":{"rendered":"<p>Ver nossos s\u00f3cios de bem com a vida e com um sorriso lindo tamb\u00e9m s\u00e3o prioridades para n\u00f3s. A Cresal, em parceria com a Uniodonto, oferece o Plano Odonto Master a todos os seus associados. &nbsp;<\/p>\n","protected":false},"author":1,"featured_media":700,"parent":37,"menu_order":0,"comment_status":"closed","ping_status":"closed","template":"templates\/page-uniodonto.php","meta":[],"_links":{"self":[{"href":"http:\/\/www.cresal.coop.br\/novosite\/wp-json\/wp\/v2\/pages\/242"}],"collection":[{"href":"http:\/\/www.cresal.coop.br\/novosite\/wp-json\/wp\/v2\/pages"}],"about":[{"href":"http:\/\/www.cresal.coop.br\/novosite\/wp-json\/wp\/v2\/types\/page"}],"author":[{"embeddable":true,"href":"http:\/\/www.cresal.coop.br\/novosite\/wp-json\/wp\/v2\/users\/1"}],"replies":[{"embeddable":true,"href":"http:\/\/www.cresal.coop.br\/novosite\/wp-json\/wp\/v2\/comments?post=242"}],"version-history":[{"count":12,"href":"http:\/\/www.cresal.coop.br\/novosite\/wp-json\/wp\/v2\/pages\/242\/revisions"}],"predecessor-version":[{"id":639,"href":"http:\/\/www.cresal.coop.br\/novosite\/wp-json\/wp\/v2\/pages\/242\/revisions\/639"}],"up":[{"embeddable":true,"href":"http:\/\/www.cresal.coop.br\/novosite\/wp-json\/wp\/v2\/pages\/37"}],"wp:featuredmedia":[{"embeddable":true,"href":"http:\/\/www.cresal.coop.br\/novosite\/wp-json\/wp\/v2\/media\/700"}],"wp:attachment":[{"href":"http:\/\/www.cresal.coop.br\/novosite\/wp-json\/wp\/v2\/media?parent=242"}],"curies":[{"name":"wp","href":"https:\/\/api.w.org\/{rel}","templated":true}]}}