{"id":176,"date":"2016-10-19T17:30:10","date_gmt":"2016-10-19T17:30:10","guid":{"rendered":"http:\/\/cresal.eagledigital.com.br\/?page_id=176"},"modified":"2016-12-01T13:29:12","modified_gmt":"2016-12-01T13:29:12","slug":"proseg","status":"publish","type":"page","link":"http:\/\/www.cresal.coop.br\/novosite\/servicos\/proseg\/","title":{"rendered":"Proseg"},"content":{"rendered":"<p>Operando com a Cresal voc\u00ea pode ter a cobertura do Seguro Prestamista que traz tranquilidade no pagamento ou na quita\u00e7\u00e3o do saldo devedor em situa\u00e7\u00f5es inesperadas. No caso de falecimento do associado, o\u00a0empr\u00e9stimo assegurado \u00e9 uma preocupa\u00e7\u00e3o a menos para a fam\u00edlia do cooperado que tem empr\u00e9stimos em andamento.<\/p>\n<p>Al\u00e9m disso, voc\u00ea pode ter acesso a conv\u00eanio com a Proseg (www.proseg.com.br) para contrata\u00e7\u00e3o dos seguros de autom\u00f3vel, residencial e previd\u00eancia privada. Para isso, basta informar que voc\u00ea \u00e9 associado da Cresal e obtenha os valores promocionais.<\/p>\n","protected":false},"excerpt":{"rendered":"<p>Operando com a Cresal voc\u00ea pode ter a cobertura do Seguro Prestamista que traz tranquilidade no pagamento ou na quita\u00e7\u00e3o do saldo devedor em situa\u00e7\u00f5es inesperadas. No caso de falecimento do associado, o\u00a0empr\u00e9stimo assegurado \u00e9 uma preocupa\u00e7\u00e3o a menos para a fam\u00edlia do cooperado que tem empr\u00e9stimos em andamento. Al\u00e9m disso, voc\u00ea pode ter acesso &hellip; <a href=\"http:\/\/www.cresal.coop.br\/novosite\/servicos\/proseg\/\" class=\"more-link\">Continue reading<span class=\"screen-reader-text\"> &#8220;Proseg&#8221;<\/span><\/a><\/p>\n","protected":false},"author":1,"featured_media":0,"parent":37,"menu_order":0,"comment_status":"closed","ping_status":"closed","template":"templates\/page-proseg.php","meta":[],"_links":{"self":[{"href":"http:\/\/www.cresal.coop.br\/novosite\/wp-json\/wp\/v2\/pages\/176"}],"collection":[{"href":"http:\/\/www.cresal.coop.br\/novosite\/wp-json\/wp\/v2\/pages"}],"about":[{"href":"http:\/\/www.cresal.coop.br\/novosite\/wp-json\/wp\/v2\/types\/page"}],"author":[{"embeddable":true,"href":"http:\/\/www.cresal.coop.br\/novosite\/wp-json\/wp\/v2\/users\/1"}],"replies":[{"embeddable":true,"href":"http:\/\/www.cresal.coop.br\/novosite\/wp-json\/wp\/v2\/comments?post=176"}],"version-history":[{"count":13,"href":"http:\/\/www.cresal.coop.br\/novosite\/wp-json\/wp\/v2\/pages\/176\/revisions"}],"predecessor-version":[{"id":537,"href":"http:\/\/www.cresal.coop.br\/novosite\/wp-json\/wp\/v2\/pages\/176\/revisions\/537"}],"up":[{"embeddable":true,"href":"http:\/\/www.cresal.coop.br\/novosite\/wp-json\/wp\/v2\/pages\/37"}],"wp:attachment":[{"href":"http:\/\/www.cresal.coop.br\/novosite\/wp-json\/wp\/v2\/media?parent=176"}],"curies":[{"name":"wp","href":"https:\/\/api.w.org\/{rel}","templated":true}]}}