{"id":127,"date":"2016-10-17T18:04:10","date_gmt":"2016-10-17T18:04:10","guid":{"rendered":"http:\/\/cresal.eagledigital.com.br\/?page_id=127"},"modified":"2020-09-03T17:51:42","modified_gmt":"2020-09-03T17:51:42","slug":"regulamento-eleitoral","status":"publish","type":"page","link":"http:\/\/www.cresal.coop.br\/novosite\/institucional\/regulamento-eleitoral\/","title":{"rendered":"Regulamento Eleitoral e Pol\u00edtica de Sucess\u00e3o"},"content":{"rendered":"<p>Voc\u00ea sabia que as elei\u00e7\u00f5es da Cresal ocorrem a cada tr\u00eas anos, e que a posse dos membros eleitos do Conselho de Administra\u00e7\u00e3o e do Conselho Fiscal (efetivos e suplentes) fica sujeita \u00e0 pr\u00e9via homologa\u00e7\u00e3o do Banco Central do Brasil?<\/p>\n<p>Voc\u00ea sabia que a Cresal tem uma pol\u00edtica de sucess\u00e3o que implica na candidatura do conselheiro?<\/p>\n<p>Pois \u00e9, a elei\u00e7\u00e3o do novo Conselho de Administra\u00e7\u00e3o e Conselho Fiscal \u00e9 realizada na Assembleia Geral e a posse dos membros desses dois Conselhos ser\u00e1 de acordo com as disposi\u00e7\u00f5es do Banco Central do Brasil.<\/p>\n<p>Para ser um conselheiro ou participar da diretoria, o candidato precisa estar de acordo com a Pol\u00edtica de Sucess\u00e3o de Administradores da Cresal. Essa normativa \u00e9 uma exig\u00eancia do Banco Central, conforme Resolu\u00e7\u00e3o 4538 de 24-11-2016.<\/p>\n<p>Confira o \u00faltimo Regulamento Eleitoral elaborado pelo Conselho de Administra\u00e7\u00e3o e a Pol\u00edtica de Sucess\u00e3o de Administradores da Cresal, aprovada pela Assembleia Geral.<\/p>\n<p>&nbsp;<\/p>\n","protected":false},"excerpt":{"rendered":"<p>Voc\u00ea sabia que as elei\u00e7\u00f5es da Cresal ocorrem a cada tr\u00eas anos, e que a posse dos membros eleitos do Conselho de Administra\u00e7\u00e3o e do Conselho Fiscal (efetivos e suplentes) fica sujeita \u00e0 pr\u00e9via homologa\u00e7\u00e3o do Banco Central do Brasil? Voc\u00ea sabia que a Cresal tem uma pol\u00edtica de sucess\u00e3o que implica na candidatura do &hellip; <a href=\"http:\/\/www.cresal.coop.br\/novosite\/institucional\/regulamento-eleitoral\/\" class=\"more-link\">Continue reading<span class=\"screen-reader-text\"> &#8220;Regulamento Eleitoral e Pol\u00edtica de Sucess\u00e3o&#8221;<\/span><\/a><\/p>\n","protected":false},"author":1,"featured_media":0,"parent":35,"menu_order":0,"comment_status":"closed","ping_status":"closed","template":"templates\/page-regulamento-eleitoral.php","meta":[],"_links":{"self":[{"href":"http:\/\/www.cresal.coop.br\/novosite\/wp-json\/wp\/v2\/pages\/127"}],"collection":[{"href":"http:\/\/www.cresal.coop.br\/novosite\/wp-json\/wp\/v2\/pages"}],"about":[{"href":"http:\/\/www.cresal.coop.br\/novosite\/wp-json\/wp\/v2\/types\/page"}],"author":[{"embeddable":true,"href":"http:\/\/www.cresal.coop.br\/novosite\/wp-json\/wp\/v2\/users\/1"}],"replies":[{"embeddable":true,"href":"http:\/\/www.cresal.coop.br\/novosite\/wp-json\/wp\/v2\/comments?post=127"}],"version-history":[{"count":18,"href":"http:\/\/www.cresal.coop.br\/novosite\/wp-json\/wp\/v2\/pages\/127\/revisions"}],"predecessor-version":[{"id":908,"href":"http:\/\/www.cresal.coop.br\/novosite\/wp-json\/wp\/v2\/pages\/127\/revisions\/908"}],"up":[{"embeddable":true,"href":"http:\/\/www.cresal.coop.br\/novosite\/wp-json\/wp\/v2\/pages\/35"}],"wp:attachment":[{"href":"http:\/\/www.cresal.coop.br\/novosite\/wp-json\/wp\/v2\/media?parent=127"}],"curies":[{"name":"wp","href":"https:\/\/api.w.org\/{rel}","templated":true}]}}