{"id":125,"date":"2016-10-17T17:49:41","date_gmt":"2016-10-17T17:49:41","guid":{"rendered":"http:\/\/cresal.eagledigital.com.br\/?page_id=125"},"modified":"2018-04-20T14:35:47","modified_gmt":"2018-04-20T14:35:47","slug":"comentario-presidencia","status":"publish","type":"page","link":"http:\/\/www.cresal.coop.br\/novosite\/institucional\/comentario-presidencia\/","title":{"rendered":"Coment\u00e1rio da Presid\u00eancia"},"content":{"rendered":"<p style=\"font-weight: 400;\">No ano em que a CRESAL completa 35 anos de atividades, nada mais justo que iniciar esta mensagem agradecendo a todos aqueles que colaboraram para tornar poss\u00edvel o sonho de ter uma cooperativa de cr\u00e9dito dos funcion\u00e1rios da ASCAR, para ser uma parceira de solu\u00e7\u00f5es financeiras aos seus cooperados.<\/p>\n<p style=\"font-weight: 400;\">Gostaria de externar o agradecimento a toda confian\u00e7a depositada no Conselho de Administra\u00e7\u00e3o, o qual me honrou com a miss\u00e3o de presidir a nossa cooperativa, o que muito me orgulha e desafia a manter a cooperativa como uma grande parceira dos cooperados.<\/p>\n<p style=\"font-weight: 400;\">Diante do cen\u00e1rio atual, de incertezas pol\u00edticas e econ\u00f4micas, que tem afetado o desempenho de muitas empresas, s\u00e3o necess\u00e1rias novas solu\u00e7\u00f5es e planejamento para enquadrar-se \u00e0s realidades deste cen\u00e1rio. No cooperativismo, n\u00e3o \u00e9 diferente, o que exige cada vez mais assertividade das nossas administra\u00e7\u00f5es, com uma busca incessante por uma melhoria dos processos e do desempenho. A CRESAL estar\u00e1 sempre empenhada em oferecer as melhores solu\u00e7\u00f5es financeiras poss\u00edveis para seus cooperados.\u00a0\u00a0Al\u00e9m disso, nossa cooperativa conta com um Conselho de Administra\u00e7\u00e3o ativo e um Conselho Fiscal sempre vigilante.<\/p>\n<p style=\"font-weight: 400;\">Sauda\u00e7\u00f5es Cooperativas!<\/p>\n<p style=\"font-weight: 400;\">Cristiano Ramos Moreira<\/p>\n","protected":false},"excerpt":{"rendered":"<p>No ano em que a CRESAL completa 35 anos de atividades, nada mais justo que iniciar esta mensagem agradecendo a todos aqueles que colaboraram para tornar poss\u00edvel o sonho de ter uma cooperativa de cr\u00e9dito dos funcion\u00e1rios da ASCAR, para ser uma parceira de solu\u00e7\u00f5es financeiras aos seus cooperados. Gostaria de externar o agradecimento a &hellip; <a href=\"http:\/\/www.cresal.coop.br\/novosite\/institucional\/comentario-presidencia\/\" class=\"more-link\">Continue reading<span class=\"screen-reader-text\"> &#8220;Coment\u00e1rio da Presid\u00eancia&#8221;<\/span><\/a><\/p>\n","protected":false},"author":1,"featured_media":0,"parent":35,"menu_order":0,"comment_status":"closed","ping_status":"closed","template":"templates\/page-comentario-do-presidente.php","meta":[],"_links":{"self":[{"href":"http:\/\/www.cresal.coop.br\/novosite\/wp-json\/wp\/v2\/pages\/125"}],"collection":[{"href":"http:\/\/www.cresal.coop.br\/novosite\/wp-json\/wp\/v2\/pages"}],"about":[{"href":"http:\/\/www.cresal.coop.br\/novosite\/wp-json\/wp\/v2\/types\/page"}],"author":[{"embeddable":true,"href":"http:\/\/www.cresal.coop.br\/novosite\/wp-json\/wp\/v2\/users\/1"}],"replies":[{"embeddable":true,"href":"http:\/\/www.cresal.coop.br\/novosite\/wp-json\/wp\/v2\/comments?post=125"}],"version-history":[{"count":27,"href":"http:\/\/www.cresal.coop.br\/novosite\/wp-json\/wp\/v2\/pages\/125\/revisions"}],"predecessor-version":[{"id":843,"href":"http:\/\/www.cresal.coop.br\/novosite\/wp-json\/wp\/v2\/pages\/125\/revisions\/843"}],"up":[{"embeddable":true,"href":"http:\/\/www.cresal.coop.br\/novosite\/wp-json\/wp\/v2\/pages\/35"}],"wp:attachment":[{"href":"http:\/\/www.cresal.coop.br\/novosite\/wp-json\/wp\/v2\/media?parent=125"}],"curies":[{"name":"wp","href":"https:\/\/api.w.org\/{rel}","templated":true}]}}